{"id":328,"date":"2022-01-25T09:24:04","date_gmt":"2022-01-25T09:24:04","guid":{"rendered":"http:\/\/new.pruebavitoria.es\/?page_id=328"},"modified":"2026-03-05T13:16:35","modified_gmt":"2026-03-05T13:16:35","slug":"reglamento","status":"publish","type":"page","link":"https:\/\/pruebablan.es\/es\/reglamento\/","title":{"rendered":"Reglamento"},"content":{"rendered":"\t\t<div data-elementor-type=\"wp-page\" data-elementor-id=\"328\" class=\"elementor elementor-328\" data-elementor-settings=\"{&quot;ha_cmc_init_switcher&quot;:&quot;no&quot;}\" data-elementor-post-type=\"page\">\n\t\t\t\t\t\t<section class=\"elementor-section elementor-top-section elementor-element elementor-element-66b5c33b elementor-section-full_width elementor-section-height-min-height elementor-section-height-default elementor-section-items-middle\" data-id=\"66b5c33b\" data-element_type=\"section\" data-settings=\"{&quot;background_background&quot;:&quot;classic&quot;,&quot;_ha_eqh_enable&quot;:false}\">\n\t\t\t\t\t\t\t<div class=\"elementor-background-overlay\"><\/div>\n\t\t\t\t\t\t\t<div class=\"elementor-container elementor-column-gap-default\">\n\t\t\t\t\t<div class=\"elementor-column elementor-col-33 elementor-top-column elementor-element elementor-element-7a201342\" data-id=\"7a201342\" data-element_type=\"column\">\n\t\t\t<div class=\"elementor-widget-wrap\">\n\t\t\t\t\t\t\t<\/div>\n\t\t<\/div>\n\t\t\t\t<div class=\"elementor-column elementor-col-33 elementor-top-column elementor-element elementor-element-67c0328\" data-id=\"67c0328\" data-element_type=\"column\">\n\t\t\t<div class=\"elementor-widget-wrap elementor-element-populated\">\n\t\t\t\t\t\t<div class=\"elementor-element elementor-element-b76cde8 elementor-widget elementor-widget-heading\" data-id=\"b76cde8\" data-element_type=\"widget\" data-widget_type=\"heading.default\">\n\t\t\t\t<div class=\"elementor-widget-container\">\n\t\t\t\t\t<h2 class=\"elementor-heading-title elementor-size-default\">REGLAMENTO<\/h2>\t\t\t\t<\/div>\n\t\t\t\t<\/div>\n\t\t\t\t\t<\/div>\n\t\t<\/div>\n\t\t\t\t<div class=\"elementor-column elementor-col-33 elementor-top-column elementor-element elementor-element-4277ecc5\" data-id=\"4277ecc5\" data-element_type=\"column\">\n\t\t\t<div class=\"elementor-widget-wrap\">\n\t\t\t\t\t\t\t<\/div>\n\t\t<\/div>\n\t\t\t\t\t<\/div>\n\t\t<\/section>\n\t\t\t\t<section class=\"elementor-section elementor-top-section elementor-element elementor-element-353bf20 elementor-section-boxed elementor-section-height-default elementor-section-height-default\" data-id=\"353bf20\" data-element_type=\"section\" data-settings=\"{&quot;_ha_eqh_enable&quot;:false}\">\n\t\t\t\t\t\t<div class=\"elementor-container elementor-column-gap-default\">\n\t\t\t\t\t<div class=\"elementor-column elementor-col-50 elementor-top-column elementor-element elementor-element-14fdad3\" data-id=\"14fdad3\" data-element_type=\"column\">\n\t\t\t<div class=\"elementor-widget-wrap elementor-element-populated\">\n\t\t\t\t\t\t<div class=\"elementor-element elementor-element-7502f8a elementor-widget elementor-widget-heading\" data-id=\"7502f8a\" data-element_type=\"widget\" data-widget_type=\"heading.default\">\n\t\t\t\t<div class=\"elementor-widget-container\">\n\t\t\t\t\t<h2 class=\"elementor-heading-title elementor-size-default\">REGLAMENTO 2026<\/h2>\t\t\t\t<\/div>\n\t\t\t\t<\/div>\n\t\t\t\t\t<\/div>\n\t\t<\/div>\n\t\t\t\t<div class=\"elementor-column elementor-col-50 elementor-top-column elementor-element elementor-element-ae60939\" data-id=\"ae60939\" data-element_type=\"column\">\n\t\t\t<div class=\"elementor-widget-wrap elementor-element-populated\">\n\t\t\t\t\t\t<div class=\"elementor-element elementor-element-f8a77e4 elementor-widget elementor-widget-heading\" data-id=\"f8a77e4\" data-element_type=\"widget\" data-widget_type=\"heading.default\">\n\t\t\t\t<div class=\"elementor-widget-container\">\n\t\t\t\t\t<h2 class=\"elementor-heading-title elementor-size-default\">ARAUDIA 2026<\/h2>\t\t\t\t<\/div>\n\t\t\t\t<\/div>\n\t\t\t\t\t<\/div>\n\t\t<\/div>\n\t\t\t\t\t<\/div>\n\t\t<\/section>\n\t\t\t\t<section class=\"elementor-section elementor-top-section elementor-element elementor-element-5ebc861 elementor-section-boxed elementor-section-height-default elementor-section-height-default\" data-id=\"5ebc861\" data-element_type=\"section\" data-settings=\"{&quot;_ha_eqh_enable&quot;:false}\">\n\t\t\t\t\t\t<div class=\"elementor-container elementor-column-gap-default\">\n\t\t\t\t\t<div class=\"elementor-column elementor-col-100 elementor-top-column elementor-element elementor-element-fe5e50b\" data-id=\"fe5e50b\" data-element_type=\"column\">\n\t\t\t<div class=\"elementor-widget-wrap elementor-element-populated\">\n\t\t\t\t\t\t<div class=\"elementor-element elementor-element-17fe56a elementor-widget elementor-widget-heading\" data-id=\"17fe56a\" data-element_type=\"widget\" data-widget_type=\"heading.default\">\n\t\t\t\t<div class=\"elementor-widget-container\">\n\t\t\t\t\t<h2 class=\"elementor-heading-title elementor-size-default\">*Como participante leer y conocer el reglamento completo es obligatorio. Recuerda que al inscribirte aceptas haberte le\u00eddo el reglamento y las condiciones que en el aparecen.<\/h2>\t\t\t\t<\/div>\n\t\t\t\t<\/div>\n\t\t\t\t\t<\/div>\n\t\t<\/div>\n\t\t\t\t\t<\/div>\n\t\t<\/section>\n\t\t\t\t<section class=\"elementor-section elementor-top-section elementor-element elementor-element-d92cbfb elementor-section-boxed elementor-section-height-default elementor-section-height-default\" data-id=\"d92cbfb\" data-element_type=\"section\" data-settings=\"{&quot;_ha_eqh_enable&quot;:false}\">\n\t\t\t\t\t\t<div class=\"elementor-container elementor-column-gap-default\">\n\t\t\t\t\t<div class=\"elementor-column elementor-col-100 elementor-top-column elementor-element elementor-element-78339c5\" data-id=\"78339c5\" data-element_type=\"column\">\n\t\t\t<div class=\"elementor-widget-wrap elementor-element-populated\">\n\t\t\t\t\t\t<section class=\"elementor-section elementor-inner-section elementor-element elementor-element-f36a8ba elementor-section-boxed elementor-section-height-default elementor-section-height-default\" data-id=\"f36a8ba\" data-element_type=\"section\" data-settings=\"{&quot;_ha_eqh_enable&quot;:false}\">\n\t\t\t\t\t\t<div class=\"elementor-container elementor-column-gap-wide\">\n\t\t\t\t\t<div class=\"elementor-column elementor-col-100 elementor-inner-column elementor-element elementor-element-15ffb67\" data-id=\"15ffb67\" data-element_type=\"column\">\n\t\t\t<div class=\"elementor-widget-wrap elementor-element-populated\">\n\t\t\t\t\t\t<div class=\"elementor-element elementor-element-26bc578 elementor-widget elementor-widget-accordion\" data-id=\"26bc578\" data-element_type=\"widget\" data-widget_type=\"accordion.default\">\n\t\t\t\t<div class=\"elementor-widget-container\">\n\t\t\t\t\t\t\t<div class=\"elementor-accordion\">\n\t\t\t\t\t\t\t<div class=\"elementor-accordion-item\">\n\t\t\t\t\t<div id=\"elementor-tab-title-4061\" class=\"elementor-tab-title\" data-tab=\"1\" role=\"button\" aria-controls=\"elementor-tab-content-4061\" aria-expanded=\"false\">\n\t\t\t\t\t\t\t\t\t\t\t\t\t<span class=\"elementor-accordion-icon elementor-accordion-icon-left\" aria-hidden=\"true\">\n\t\t\t\t\t\t\t\t\t\t\t\t\t\t\t<span class=\"elementor-accordion-icon-closed\"><i class=\"fas fa-angle-right\"><\/i><\/span>\n\t\t\t\t\t\t\t\t<span class=\"elementor-accordion-icon-opened\"><i class=\"fas fa-angle-down\"><\/i><\/span>\n\t\t\t\t\t\t\t\t\t\t\t\t\t\t<\/span>\n\t\t\t\t\t\t\t\t\t\t\t\t<a class=\"elementor-accordion-title\" tabindex=\"0\">\u00bfCu\u00e1les son las licencias v\u00e1lidas como Federado?<\/a>\n\t\t\t\t\t<\/div>\n\t\t\t\t\t<div id=\"elementor-tab-content-4061\" class=\"elementor-tab-content elementor-clearfix\" data-tab=\"1\" role=\"region\" aria-labelledby=\"elementor-tab-title-4061\"><p><strong>Solo ser\u00e1n validas licencias de la Federaci\u00f3n de Ciclismo<\/strong> (RFEC) del a\u00f1o 2026<span style=\"font-style: inherit; font-family: var( --e-global-typography-text-font-family ), montserr;\">\u00a0. Licencias de cualquier otra federaci\u00f3n o seguros privados no ser\u00e1n validas para esta prueba y ser\u00e1 necesaria la licencia de d\u00eda (+7\u20ac) que la organizaci\u00f3n pone a su disposici\u00f3n.\u00a0<\/span><\/p><\/div>\n\t\t\t\t<\/div>\n\t\t\t\t\t\t\t<div class=\"elementor-accordion-item\">\n\t\t\t\t\t<div id=\"elementor-tab-title-4062\" class=\"elementor-tab-title\" data-tab=\"2\" role=\"button\" aria-controls=\"elementor-tab-content-4062\" aria-expanded=\"false\">\n\t\t\t\t\t\t\t\t\t\t\t\t\t<span class=\"elementor-accordion-icon elementor-accordion-icon-left\" aria-hidden=\"true\">\n\t\t\t\t\t\t\t\t\t\t\t\t\t\t\t<span class=\"elementor-accordion-icon-closed\"><i class=\"fas fa-angle-right\"><\/i><\/span>\n\t\t\t\t\t\t\t\t<span class=\"elementor-accordion-icon-opened\"><i class=\"fas fa-angle-down\"><\/i><\/span>\n\t\t\t\t\t\t\t\t\t\t\t\t\t\t<\/span>\n\t\t\t\t\t\t\t\t\t\t\t\t<a class=\"elementor-accordion-title\" tabindex=\"0\">\u00bfEs obligatorio ense\u00f1ar la licencia el d\u00eda de la prueba?<\/a>\n\t\t\t\t\t<\/div>\n\t\t\t\t\t<div id=\"elementor-tab-content-4062\" class=\"elementor-tab-content elementor-clearfix\" data-tab=\"2\" role=\"region\" aria-labelledby=\"elementor-tab-title-4062\"><p>Todos los y las participantes que se hayan beneficiado del <strong>descuento de federado\/a deber\u00e1n mostrar presencialmente su licencia RFEC 2026<\/strong>\u00a0a la hora de recoger el dorsal, sin ella, no tendr\u00e1n derecho a recoger su dorsal ni a participar en la prueba.<\/p><\/div>\n\t\t\t\t<\/div>\n\t\t\t\t\t\t\t<div class=\"elementor-accordion-item\">\n\t\t\t\t\t<div id=\"elementor-tab-title-4063\" class=\"elementor-tab-title\" data-tab=\"3\" role=\"button\" aria-controls=\"elementor-tab-content-4063\" aria-expanded=\"false\">\n\t\t\t\t\t\t\t\t\t\t\t\t\t<span class=\"elementor-accordion-icon elementor-accordion-icon-left\" aria-hidden=\"true\">\n\t\t\t\t\t\t\t\t\t\t\t\t\t\t\t<span class=\"elementor-accordion-icon-closed\"><i class=\"fas fa-angle-right\"><\/i><\/span>\n\t\t\t\t\t\t\t\t<span class=\"elementor-accordion-icon-opened\"><i class=\"fas fa-angle-down\"><\/i><\/span>\n\t\t\t\t\t\t\t\t\t\t\t\t\t\t<\/span>\n\t\t\t\t\t\t\t\t\t\t\t\t<a class=\"elementor-accordion-title\" tabindex=\"0\">Tallaje de Maillot<\/a>\n\t\t\t\t\t<\/div>\n\t\t\t\t\t<div id=\"elementor-tab-content-4063\" class=\"elementor-tab-content elementor-clearfix\" data-tab=\"3\" role=\"region\" aria-labelledby=\"elementor-tab-title-4063\"><p>En caso de estar en duda entre dos tallas, es preferible que selecciones la talla mayor. Una vez seleccionada una talla, no se podr\u00e1 cambiar.\u00a0 <a href=\"https:\/\/eventos.ascentium.org\/doc_eventos\/Dp6Mg9HA_Gui%CC%81a%20de%20talllas%20.png\">Gu\u00eda de tallas Gobik<\/a><\/p><\/div>\n\t\t\t\t<\/div>\n\t\t\t\t\t\t\t\t<\/div>\n\t\t\t\t\t\t<\/div>\n\t\t\t\t<\/div>\n\t\t\t\t\t<\/div>\n\t\t<\/div>\n\t\t\t\t\t<\/div>\n\t\t<\/section>\n\t\t\t\t\t<\/div>\n\t\t<\/div>\n\t\t\t\t\t<\/div>\n\t\t<\/section>\n\t\t\t\t<section class=\"elementor-section elementor-top-section elementor-element elementor-element-7e165e9 elementor-section-boxed elementor-section-height-default elementor-section-height-default\" data-id=\"7e165e9\" data-element_type=\"section\" data-settings=\"{&quot;_ha_eqh_enable&quot;:false}\">\n\t\t\t\t\t\t<div class=\"elementor-container elementor-column-gap-default\">\n\t\t\t\t\t<div class=\"elementor-column elementor-col-100 elementor-top-column elementor-element elementor-element-1ea78d3\" data-id=\"1ea78d3\" data-element_type=\"column\">\n\t\t\t<div class=\"elementor-widget-wrap elementor-element-populated\">\n\t\t\t\t\t\t<div class=\"elementor-element elementor-element-7658c51 elementor-widget elementor-widget-ha-pdf-view happy-addon ha-pdf-view\" data-id=\"7658c51\" data-element_type=\"widget\" data-widget_type=\"ha-pdf-view.default\">\n\t\t\t\t<div class=\"elementor-widget-container\">\n\t\t\t\t\t        <div class=\"pdf_viewer_container\">\n            <div class=\"pdf_viewer_options viewer-7658c51\" data-pdf-settings=\"{&quot;unique_id&quot;:&quot;viewer-7658c51&quot;,&quot;pdf_url&quot;:&quot;https:\\\/\\\/pruebablan.es\\\/wp-content\\\/uploads\\\/2026\\\/03\\\/REGLAMENTO-PRUEBA-BLAN-2026docx.pdf&quot;,&quot;file_type&quot;:&quot;upload_file&quot;,&quot;page_number&quot;:&quot;1&quot;,&quot;width&quot;:&quot;100%&quot;,&quot;height&quot;:&quot;600px&quot;}\">\n\t\t\t\t<span class=\"ha-title-flex\">\n\t\t\t\t\t<span class=\"pdf-icon\">\n\t\t\t\t\t\t<i aria-hidden=\"true\" class=\"fas fa-file-pdf\"><\/i>\t\t\t\t\t<\/span>\n\t\t\t\t\t<h2 class=\"ha-pdf-title\">REGLAMENTO 2026<\/h2>\t\t\t\t<\/span>\n\t\t\t\t                <div class=\"pdf-button\">\n                <a href=\"https:\/\/pruebablan.es\/wp-content\/uploads\/2026\/03\/REGLAMENTO-PRUEBA-BLAN-2026docx.pdf\" class=\"ha-btn\" download title=\"REGLAMENTO 2026\">Descargar<\/a>                <\/div>\n            <\/div>\n\n\t\t\t<div>\n\t\t\t\t<div id=\"viewer-7658c51\"><\/div>\n\t\t\t<\/div>\n\n        <\/div>\n        \t\t\t\t<\/div>\n\t\t\t\t<\/div>\n\t\t\t\t\t<\/div>\n\t\t<\/div>\n\t\t\t\t\t<\/div>\n\t\t<\/section>\n\t\t\t\t<\/div>\n\t\t","protected":false},"excerpt":{"rendered":"<p>REGLAMENTO REGLAMENTO 2026 ARAUDIA 2026 *Como participante leer y conocer el reglamento completo es obligatorio. Recuerda que al inscribirte aceptas haberte le\u00eddo el reglamento y las condiciones que en el aparecen. \u00bfCu\u00e1les son las licencias v\u00e1lidas como Federado? Solo ser\u00e1n validas licencias de la Federaci\u00f3n de Ciclismo (RFEC) del a\u00f1o 2026\u00a0. Licencias de cualquier otra [&hellip;]<\/p>\n","protected":false},"author":1,"featured_media":0,"parent":0,"menu_order":0,"comment_status":"closed","ping_status":"closed","template":"","meta":{"site-sidebar-layout":"no-sidebar","site-content-layout":"page-builder","ast-site-content-layout":"full-width-container","site-content-style":"unboxed","site-sidebar-style":"unboxed","ast-global-header-display":"","ast-banner-title-visibility":"","ast-main-header-display":"","ast-hfb-above-header-display":"","ast-hfb-below-header-display":"","ast-hfb-mobile-header-display":"","site-post-title":"disabled","ast-breadcrumbs-content":"","ast-featured-img":"disabled","footer-sml-layout":"","theme-transparent-header-meta":"","adv-header-id-meta":"","stick-header-meta":"","header-above-stick-meta":"","header-main-stick-meta":"","header-below-stick-meta":"","astra-migrate-meta-layouts":"set","ast-page-background-enabled":"default","ast-page-background-meta":{"desktop":{"background-color":"var(--ast-global-color-4)","background-image":"","background-repeat":"repeat","background-position":"center center","background-size":"auto","background-attachment":"scroll","background-type":"","background-media":"","overlay-type":"","overlay-color":"","overlay-opacity":"","overlay-gradient":""},"tablet":{"background-color":"","background-image":"","background-repeat":"repeat","background-position":"center center","background-size":"auto","background-attachment":"scroll","background-type":"","background-media":"","overlay-type":"","overlay-color":"","overlay-opacity":"","overlay-gradient":""},"mobile":{"background-color":"","background-image":"","background-repeat":"repeat","background-position":"center center","background-size":"auto","background-attachment":"scroll","background-type":"","background-media":"","overlay-type":"","overlay-color":"","overlay-opacity":"","overlay-gradient":""}},"ast-content-background-meta":{"desktop":{"background-color":"var(--ast-global-color-5)","background-image":"","background-repeat":"repeat","background-position":"center center","background-size":"auto","background-attachment":"scroll","background-type":"","background-media":"","overlay-type":"","overlay-color":"","overlay-opacity":"","overlay-gradient":""},"tablet":{"background-color":"var(--ast-global-color-5)","background-image":"","background-repeat":"repeat","background-position":"center center","background-size":"auto","background-attachment":"scroll","background-type":"","background-media":"","overlay-type":"","overlay-color":"","overlay-opacity":"","overlay-gradient":""},"mobile":{"background-color":"var(--ast-global-color-5)","background-image":"","background-repeat":"repeat","background-position":"center center","background-size":"auto","background-attachment":"scroll","background-type":"","background-media":"","overlay-type":"","overlay-color":"","overlay-opacity":"","overlay-gradient":""}},"footnotes":""},"class_list":["post-328","page","type-page","status-publish","hentry"],"yoast_head":"<!-- This site is optimized with the Yoast SEO plugin v25.8 - https:\/\/yoast.com\/wordpress\/plugins\/seo\/ -->\n<title>Reglamento - PRUEBA BLAN<\/title>\n<meta name=\"description\" content=\"PRUEBA CICLISTA BLAN, evento deportivo cicloturista m\u00e1s antiguo del estado. 154 Km por \u00c1lava, La Rioja, Burgos y Navarra.\" \/>\n<meta name=\"robots\" content=\"index, follow, max-snippet:-1, max-image-preview:large, max-video-preview:-1\" \/>\n<link rel=\"canonical\" href=\"https:\/\/pruebablan.es\/es\/reglamento\/\" \/>\n<meta property=\"og:locale\" content=\"es_ES\" \/>\n<meta property=\"og:type\" content=\"article\" \/>\n<meta property=\"og:title\" content=\"Reglamento - PRUEBA BLAN\" \/>\n<meta property=\"og:description\" content=\"PRUEBA CICLISTA BLAN, evento deportivo cicloturista m\u00e1s antiguo del estado. 154 Km por \u00c1lava, La Rioja, Burgos y Navarra.\" \/>\n<meta property=\"og:url\" content=\"https:\/\/pruebablan.es\/es\/reglamento\/\" \/>\n<meta property=\"og:site_name\" content=\"PRUEBA BLAN\" \/>\n<meta property=\"article:modified_time\" content=\"2026-03-05T13:16:35+00:00\" \/>\n<meta name=\"twitter:card\" content=\"summary_large_image\" \/>\n<meta name=\"twitter:label1\" content=\"Tiempo de lectura\" \/>\n\t<meta name=\"twitter:data1\" content=\"1 minuto\" \/>\n<script type=\"application\/ld+json\" class=\"yoast-schema-graph\">{\"@context\":\"https:\/\/schema.org\",\"@graph\":[{\"@type\":\"WebPage\",\"@id\":\"https:\/\/pruebablan.es\/reglamento\/\",\"url\":\"https:\/\/pruebablan.es\/reglamento\/\",\"name\":\"Reglamento - PRUEBA BLAN\",\"isPartOf\":{\"@id\":\"https:\/\/pruebablan.es\/#website\"},\"datePublished\":\"2022-01-25T09:24:04+00:00\",\"dateModified\":\"2026-03-05T13:16:35+00:00\",\"description\":\"PRUEBA CICLISTA BLAN, evento deportivo cicloturista m\u00e1s antiguo del estado. 154 Km por \u00c1lava, La Rioja, Burgos y Navarra.\",\"breadcrumb\":{\"@id\":\"https:\/\/pruebablan.es\/reglamento\/#breadcrumb\"},\"inLanguage\":\"es\",\"potentialAction\":[{\"@type\":\"ReadAction\",\"target\":[\"https:\/\/pruebablan.es\/reglamento\/\"]}]},{\"@type\":\"BreadcrumbList\",\"@id\":\"https:\/\/pruebablan.es\/reglamento\/#breadcrumb\",\"itemListElement\":[{\"@type\":\"ListItem\",\"position\":1,\"name\":\"Portada\",\"item\":\"https:\/\/pruebablan.es\/\"},{\"@type\":\"ListItem\",\"position\":2,\"name\":\"Reglamento\"}]},{\"@type\":\"WebSite\",\"@id\":\"https:\/\/pruebablan.es\/#website\",\"url\":\"https:\/\/pruebablan.es\/\",\"name\":\"PRUEBA BLAN\",\"description\":\"Irailak 13 Septiembre\",\"publisher\":{\"@id\":\"https:\/\/pruebablan.es\/#organization\"},\"potentialAction\":[{\"@type\":\"SearchAction\",\"target\":{\"@type\":\"EntryPoint\",\"urlTemplate\":\"https:\/\/pruebablan.es\/?s={search_term_string}\"},\"query-input\":{\"@type\":\"PropertyValueSpecification\",\"valueRequired\":true,\"valueName\":\"search_term_string\"}}],\"inLanguage\":\"es\"},{\"@type\":\"Organization\",\"@id\":\"https:\/\/pruebablan.es\/#organization\",\"name\":\"PRUEBA BLAN\",\"url\":\"https:\/\/pruebablan.es\/\",\"logo\":{\"@type\":\"ImageObject\",\"inLanguage\":\"es\",\"@id\":\"https:\/\/pruebablan.es\/#\/schema\/logo\/image\/\",\"url\":\"https:\/\/pruebablan.es\/wp-content\/uploads\/2022\/01\/cropped-prueba_cicloturista_blan_4-1.png\",\"contentUrl\":\"https:\/\/pruebablan.es\/wp-content\/uploads\/2022\/01\/cropped-prueba_cicloturista_blan_4-1.png\",\"width\":2879,\"height\":960,\"caption\":\"PRUEBA BLAN\"},\"image\":{\"@id\":\"https:\/\/pruebablan.es\/#\/schema\/logo\/image\/\"}}]}<\/script>\n<!-- \/ Yoast SEO plugin. -->","yoast_head_json":{"title":"Reglamento - PRUEBA BLAN","description":"PRUEBA CICLISTA BLAN, evento deportivo cicloturista m\u00e1s antiguo del estado. 154 Km por \u00c1lava, La Rioja, Burgos y Navarra.","robots":{"index":"index","follow":"follow","max-snippet":"max-snippet:-1","max-image-preview":"max-image-preview:large","max-video-preview":"max-video-preview:-1"},"canonical":"https:\/\/pruebablan.es\/es\/reglamento\/","og_locale":"es_ES","og_type":"article","og_title":"Reglamento - PRUEBA BLAN","og_description":"PRUEBA CICLISTA BLAN, evento deportivo cicloturista m\u00e1s antiguo del estado. 154 Km por \u00c1lava, La Rioja, Burgos y Navarra.","og_url":"https:\/\/pruebablan.es\/es\/reglamento\/","og_site_name":"PRUEBA BLAN","article_modified_time":"2026-03-05T13:16:35+00:00","twitter_card":"summary_large_image","twitter_misc":{"Tiempo de lectura":"1 minuto"},"schema":{"@context":"https:\/\/schema.org","@graph":[{"@type":"WebPage","@id":"https:\/\/pruebablan.es\/reglamento\/","url":"https:\/\/pruebablan.es\/reglamento\/","name":"Reglamento - PRUEBA BLAN","isPartOf":{"@id":"https:\/\/pruebablan.es\/#website"},"datePublished":"2022-01-25T09:24:04+00:00","dateModified":"2026-03-05T13:16:35+00:00","description":"PRUEBA CICLISTA BLAN, evento deportivo cicloturista m\u00e1s antiguo del estado. 154 Km por \u00c1lava, La Rioja, Burgos y Navarra.","breadcrumb":{"@id":"https:\/\/pruebablan.es\/reglamento\/#breadcrumb"},"inLanguage":"es","potentialAction":[{"@type":"ReadAction","target":["https:\/\/pruebablan.es\/reglamento\/"]}]},{"@type":"BreadcrumbList","@id":"https:\/\/pruebablan.es\/reglamento\/#breadcrumb","itemListElement":[{"@type":"ListItem","position":1,"name":"Portada","item":"https:\/\/pruebablan.es\/"},{"@type":"ListItem","position":2,"name":"Reglamento"}]},{"@type":"WebSite","@id":"https:\/\/pruebablan.es\/#website","url":"https:\/\/pruebablan.es\/","name":"PRUEBA BLAN","description":"Irailak 13 Septiembre","publisher":{"@id":"https:\/\/pruebablan.es\/#organization"},"potentialAction":[{"@type":"SearchAction","target":{"@type":"EntryPoint","urlTemplate":"https:\/\/pruebablan.es\/?s={search_term_string}"},"query-input":{"@type":"PropertyValueSpecification","valueRequired":true,"valueName":"search_term_string"}}],"inLanguage":"es"},{"@type":"Organization","@id":"https:\/\/pruebablan.es\/#organization","name":"PRUEBA BLAN","url":"https:\/\/pruebablan.es\/","logo":{"@type":"ImageObject","inLanguage":"es","@id":"https:\/\/pruebablan.es\/#\/schema\/logo\/image\/","url":"https:\/\/pruebablan.es\/wp-content\/uploads\/2022\/01\/cropped-prueba_cicloturista_blan_4-1.png","contentUrl":"https:\/\/pruebablan.es\/wp-content\/uploads\/2022\/01\/cropped-prueba_cicloturista_blan_4-1.png","width":2879,"height":960,"caption":"PRUEBA BLAN"},"image":{"@id":"https:\/\/pruebablan.es\/#\/schema\/logo\/image\/"}}]}},"_links":{"self":[{"href":"https:\/\/pruebablan.es\/es\/wp-json\/wp\/v2\/pages\/328","targetHints":{"allow":["GET"]}}],"collection":[{"href":"https:\/\/pruebablan.es\/es\/wp-json\/wp\/v2\/pages"}],"about":[{"href":"https:\/\/pruebablan.es\/es\/wp-json\/wp\/v2\/types\/page"}],"author":[{"embeddable":true,"href":"https:\/\/pruebablan.es\/es\/wp-json\/wp\/v2\/users\/1"}],"replies":[{"embeddable":true,"href":"https:\/\/pruebablan.es\/es\/wp-json\/wp\/v2\/comments?post=328"}],"version-history":[{"count":105,"href":"https:\/\/pruebablan.es\/es\/wp-json\/wp\/v2\/pages\/328\/revisions"}],"predecessor-version":[{"id":3196,"href":"https:\/\/pruebablan.es\/es\/wp-json\/wp\/v2\/pages\/328\/revisions\/3196"}],"wp:attachment":[{"href":"https:\/\/pruebablan.es\/es\/wp-json\/wp\/v2\/media?parent=328"}],"curies":[{"name":"wp","href":"https:\/\/api.w.org\/{rel}","templated":true}]}}