{"id":332,"date":"2022-01-25T09:25:12","date_gmt":"2022-01-25T09:25:12","guid":{"rendered":"http:\/\/new.pruebavitoria.es\/?page_id=332"},"modified":"2026-03-12T13:37:23","modified_gmt":"2026-03-12T13:37:23","slug":"rutometro","status":"publish","type":"page","link":"https:\/\/pruebablan.es\/es\/rutometro\/","title":{"rendered":"Rut\u00f3metro"},"content":{"rendered":"\t\t<div data-elementor-type=\"wp-page\" data-elementor-id=\"332\" class=\"elementor elementor-332\" data-elementor-settings=\"{&quot;ha_cmc_init_switcher&quot;:&quot;no&quot;}\" data-elementor-post-type=\"page\">\n\t\t\t\t\t\t<section class=\"elementor-section elementor-top-section elementor-element elementor-element-ad6e10 elementor-section-full_width elementor-section-height-min-height elementor-section-height-default elementor-section-items-middle\" data-id=\"ad6e10\" data-element_type=\"section\" data-settings=\"{&quot;background_background&quot;:&quot;classic&quot;,&quot;_ha_eqh_enable&quot;:false}\">\n\t\t\t\t\t\t\t<div class=\"elementor-background-overlay\"><\/div>\n\t\t\t\t\t\t\t<div class=\"elementor-container elementor-column-gap-default\">\n\t\t\t\t\t<div class=\"elementor-column elementor-col-33 elementor-top-column elementor-element elementor-element-3203a45f\" data-id=\"3203a45f\" data-element_type=\"column\">\n\t\t\t<div class=\"elementor-widget-wrap\">\n\t\t\t\t\t\t\t<\/div>\n\t\t<\/div>\n\t\t\t\t<div class=\"elementor-column elementor-col-33 elementor-top-column elementor-element elementor-element-2605066a\" data-id=\"2605066a\" data-element_type=\"column\">\n\t\t\t<div class=\"elementor-widget-wrap elementor-element-populated\">\n\t\t\t\t\t\t<div class=\"elementor-element elementor-element-15b94187 elementor-widget elementor-widget-heading\" data-id=\"15b94187\" data-element_type=\"widget\" data-widget_type=\"heading.default\">\n\t\t\t\t<div class=\"elementor-widget-container\">\n\t\t\t\t\t<h2 class=\"elementor-heading-title elementor-size-default\">RUT\u00d3METRO<\/h2>\t\t\t\t<\/div>\n\t\t\t\t<\/div>\n\t\t\t\t\t<\/div>\n\t\t<\/div>\n\t\t\t\t<div class=\"elementor-column elementor-col-33 elementor-top-column elementor-element elementor-element-1f52e3ff\" data-id=\"1f52e3ff\" data-element_type=\"column\">\n\t\t\t<div class=\"elementor-widget-wrap\">\n\t\t\t\t\t\t\t<\/div>\n\t\t<\/div>\n\t\t\t\t\t<\/div>\n\t\t<\/section>\n\t\t\t\t<section class=\"elementor-section elementor-top-section elementor-element elementor-element-697d3fb elementor-section-boxed elementor-section-height-default elementor-section-height-default\" data-id=\"697d3fb\" data-element_type=\"section\" data-settings=\"{&quot;_ha_eqh_enable&quot;:false}\">\n\t\t\t\t\t\t<div class=\"elementor-container elementor-column-gap-default\">\n\t\t\t\t\t<div class=\"elementor-column elementor-col-100 elementor-top-column elementor-element elementor-element-6d8eed8\" data-id=\"6d8eed8\" data-element_type=\"column\">\n\t\t\t<div class=\"elementor-widget-wrap elementor-element-populated\">\n\t\t\t\t\t\t<div class=\"elementor-element elementor-element-50220ca elementor-widget elementor-widget-ha-pdf-view happy-addon ha-pdf-view\" data-id=\"50220ca\" data-element_type=\"widget\" data-widget_type=\"ha-pdf-view.default\">\n\t\t\t\t<div class=\"elementor-widget-container\">\n\t\t\t\t\t        <div class=\"pdf_viewer_container\">\n            <div class=\"pdf_viewer_options viewer-50220ca\" data-pdf-settings=\"{&quot;unique_id&quot;:&quot;viewer-50220ca&quot;,&quot;pdf_url&quot;:&quot;https:\\\/\\\/pruebablan.es\\\/wp-content\\\/uploads\\\/2026\\\/03\\\/Rutometro-Prueba-Blan.pdf&quot;,&quot;file_type&quot;:&quot;upload_file&quot;,&quot;page_number&quot;:&quot;1&quot;,&quot;width&quot;:&quot;100%&quot;,&quot;height&quot;:&quot;600px&quot;}\">\n\t\t\t\t<span class=\"ha-title-flex\">\n\t\t\t\t\t<span class=\"pdf-icon\">\n\t\t\t\t\t\t<i aria-hidden=\"true\" class=\"fas fa-file-pdf\"><\/i>\t\t\t\t\t<\/span>\n\t\t\t\t\t<h2 class=\"ha-pdf-title\">RUT\u00d3METRO<\/h2>\t\t\t\t<\/span>\n\t\t\t\t                <div class=\"pdf-button\">\n                <a href=\"https:\/\/pruebablan.es\/wp-content\/uploads\/2026\/03\/Rutometro-Prueba-Blan.pdf\" class=\"ha-btn\" download title=\"RUT\u00d3METRO\">Descargar<\/a>                <\/div>\n            <\/div>\n\n\t\t\t<div>\n\t\t\t\t<div id=\"viewer-50220ca\"><\/div>\n\t\t\t<\/div>\n\n        <\/div>\n        \t\t\t\t<\/div>\n\t\t\t\t<\/div>\n\t\t\t\t\t<\/div>\n\t\t<\/div>\n\t\t\t\t\t<\/div>\n\t\t<\/section>\n\t\t\t\t<\/div>\n\t\t","protected":false},"excerpt":{"rendered":"<p>RUT\u00d3METRO RUT\u00d3METRO Descargar<\/p>\n","protected":false},"author":1,"featured_media":0,"parent":0,"menu_order":0,"comment_status":"closed","ping_status":"closed","template":"","meta":{"site-sidebar-layout":"no-sidebar","site-content-layout":"page-builder","ast-site-content-layout":"full-width-container","site-content-style":"unboxed","site-sidebar-style":"unboxed","ast-global-header-display":"","ast-banner-title-visibility":"","ast-main-header-display":"","ast-hfb-above-header-display":"","ast-hfb-below-header-display":"","ast-hfb-mobile-header-display":"","site-post-title":"disabled","ast-breadcrumbs-content":"","ast-featured-img":"disabled","footer-sml-layout":"","theme-transparent-header-meta":"","adv-header-id-meta":"","stick-header-meta":"","header-above-stick-meta":"","header-main-stick-meta":"","header-below-stick-meta":"","astra-migrate-meta-layouts":"set","ast-page-background-enabled":"default","ast-page-background-meta":{"desktop":{"background-color":"var(--ast-global-color-4)","background-image":"","background-repeat":"repeat","background-position":"center center","background-size":"auto","background-attachment":"scroll","background-type":"","background-media":"","overlay-type":"","overlay-color":"","overlay-opacity":"","overlay-gradient":""},"tablet":{"background-color":"","background-image":"","background-repeat":"repeat","background-position":"center center","background-size":"auto","background-attachment":"scroll","background-type":"","background-media":"","overlay-type":"","overlay-color":"","overlay-opacity":"","overlay-gradient":""},"mobile":{"background-color":"","background-image":"","background-repeat":"repeat","background-position":"center center","background-size":"auto","background-attachment":"scroll","background-type":"","background-media":"","overlay-type":"","overlay-color":"","overlay-opacity":"","overlay-gradient":""}},"ast-content-background-meta":{"desktop":{"background-color":"var(--ast-global-color-5)","background-image":"","background-repeat":"repeat","background-position":"center center","background-size":"auto","background-attachment":"scroll","background-type":"","background-media":"","overlay-type":"","overlay-color":"","overlay-opacity":"","overlay-gradient":""},"tablet":{"background-color":"var(--ast-global-color-5)","background-image":"","background-repeat":"repeat","background-position":"center center","background-size":"auto","background-attachment":"scroll","background-type":"","background-media":"","overlay-type":"","overlay-color":"","overlay-opacity":"","overlay-gradient":""},"mobile":{"background-color":"var(--ast-global-color-5)","background-image":"","background-repeat":"repeat","background-position":"center center","background-size":"auto","background-attachment":"scroll","background-type":"","background-media":"","overlay-type":"","overlay-color":"","overlay-opacity":"","overlay-gradient":""}},"footnotes":""},"class_list":["post-332","page","type-page","status-publish","hentry"],"yoast_head":"<!-- This site is optimized with the Yoast SEO plugin v25.8 - https:\/\/yoast.com\/wordpress\/plugins\/seo\/ -->\n<title>Rut\u00f3metro - PRUEBA BLAN<\/title>\n<meta name=\"description\" content=\"PRUEBA CICLISTA BLAN, evento deportivo cicloturista m\u00e1s antiguo del estado. 154 Km por \u00c1lava, La Rioja, Burgos y Navarra.\" \/>\n<meta name=\"robots\" content=\"index, follow, max-snippet:-1, max-image-preview:large, max-video-preview:-1\" \/>\n<link rel=\"canonical\" href=\"https:\/\/pruebablan.es\/es\/rutometro\/\" \/>\n<meta property=\"og:locale\" content=\"es_ES\" \/>\n<meta property=\"og:type\" content=\"article\" \/>\n<meta property=\"og:title\" content=\"Rut\u00f3metro - PRUEBA BLAN\" \/>\n<meta property=\"og:description\" content=\"PRUEBA CICLISTA BLAN, evento deportivo cicloturista m\u00e1s antiguo del estado. 154 Km por \u00c1lava, La Rioja, Burgos y Navarra.\" \/>\n<meta property=\"og:url\" content=\"https:\/\/pruebablan.es\/es\/rutometro\/\" \/>\n<meta property=\"og:site_name\" content=\"PRUEBA BLAN\" \/>\n<meta property=\"article:modified_time\" content=\"2026-03-12T13:37:23+00:00\" \/>\n<meta name=\"twitter:card\" content=\"summary_large_image\" \/>\n<meta name=\"twitter:label1\" content=\"Tiempo de lectura\" \/>\n\t<meta name=\"twitter:data1\" content=\"1 minuto\" \/>\n<script type=\"application\/ld+json\" class=\"yoast-schema-graph\">{\"@context\":\"https:\/\/schema.org\",\"@graph\":[{\"@type\":\"WebPage\",\"@id\":\"https:\/\/pruebablan.es\/rutometro\/\",\"url\":\"https:\/\/pruebablan.es\/rutometro\/\",\"name\":\"Rut\u00f3metro - PRUEBA BLAN\",\"isPartOf\":{\"@id\":\"https:\/\/pruebablan.es\/#website\"},\"datePublished\":\"2022-01-25T09:25:12+00:00\",\"dateModified\":\"2026-03-12T13:37:23+00:00\",\"description\":\"PRUEBA CICLISTA BLAN, evento deportivo cicloturista m\u00e1s antiguo del estado. 154 Km por \u00c1lava, La Rioja, Burgos y Navarra.\",\"breadcrumb\":{\"@id\":\"https:\/\/pruebablan.es\/rutometro\/#breadcrumb\"},\"inLanguage\":\"es\",\"potentialAction\":[{\"@type\":\"ReadAction\",\"target\":[\"https:\/\/pruebablan.es\/rutometro\/\"]}]},{\"@type\":\"BreadcrumbList\",\"@id\":\"https:\/\/pruebablan.es\/rutometro\/#breadcrumb\",\"itemListElement\":[{\"@type\":\"ListItem\",\"position\":1,\"name\":\"Portada\",\"item\":\"https:\/\/pruebablan.es\/\"},{\"@type\":\"ListItem\",\"position\":2,\"name\":\"Rut\u00f3metro\"}]},{\"@type\":\"WebSite\",\"@id\":\"https:\/\/pruebablan.es\/#website\",\"url\":\"https:\/\/pruebablan.es\/\",\"name\":\"PRUEBA BLAN\",\"description\":\"Irailak 13 Septiembre\",\"publisher\":{\"@id\":\"https:\/\/pruebablan.es\/#organization\"},\"potentialAction\":[{\"@type\":\"SearchAction\",\"target\":{\"@type\":\"EntryPoint\",\"urlTemplate\":\"https:\/\/pruebablan.es\/?s={search_term_string}\"},\"query-input\":{\"@type\":\"PropertyValueSpecification\",\"valueRequired\":true,\"valueName\":\"search_term_string\"}}],\"inLanguage\":\"es\"},{\"@type\":\"Organization\",\"@id\":\"https:\/\/pruebablan.es\/#organization\",\"name\":\"PRUEBA BLAN\",\"url\":\"https:\/\/pruebablan.es\/\",\"logo\":{\"@type\":\"ImageObject\",\"inLanguage\":\"es\",\"@id\":\"https:\/\/pruebablan.es\/#\/schema\/logo\/image\/\",\"url\":\"https:\/\/pruebablan.es\/wp-content\/uploads\/2022\/01\/cropped-prueba_cicloturista_blan_4-1.png\",\"contentUrl\":\"https:\/\/pruebablan.es\/wp-content\/uploads\/2022\/01\/cropped-prueba_cicloturista_blan_4-1.png\",\"width\":2879,\"height\":960,\"caption\":\"PRUEBA BLAN\"},\"image\":{\"@id\":\"https:\/\/pruebablan.es\/#\/schema\/logo\/image\/\"}}]}<\/script>\n<!-- \/ Yoast SEO plugin. -->","yoast_head_json":{"title":"Rut\u00f3metro - PRUEBA BLAN","description":"PRUEBA CICLISTA BLAN, evento deportivo cicloturista m\u00e1s antiguo del estado. 154 Km por \u00c1lava, La Rioja, Burgos y Navarra.","robots":{"index":"index","follow":"follow","max-snippet":"max-snippet:-1","max-image-preview":"max-image-preview:large","max-video-preview":"max-video-preview:-1"},"canonical":"https:\/\/pruebablan.es\/es\/rutometro\/","og_locale":"es_ES","og_type":"article","og_title":"Rut\u00f3metro - PRUEBA BLAN","og_description":"PRUEBA CICLISTA BLAN, evento deportivo cicloturista m\u00e1s antiguo del estado. 154 Km por \u00c1lava, La Rioja, Burgos y Navarra.","og_url":"https:\/\/pruebablan.es\/es\/rutometro\/","og_site_name":"PRUEBA BLAN","article_modified_time":"2026-03-12T13:37:23+00:00","twitter_card":"summary_large_image","twitter_misc":{"Tiempo de lectura":"1 minuto"},"schema":{"@context":"https:\/\/schema.org","@graph":[{"@type":"WebPage","@id":"https:\/\/pruebablan.es\/rutometro\/","url":"https:\/\/pruebablan.es\/rutometro\/","name":"Rut\u00f3metro - PRUEBA BLAN","isPartOf":{"@id":"https:\/\/pruebablan.es\/#website"},"datePublished":"2022-01-25T09:25:12+00:00","dateModified":"2026-03-12T13:37:23+00:00","description":"PRUEBA CICLISTA BLAN, evento deportivo cicloturista m\u00e1s antiguo del estado. 154 Km por \u00c1lava, La Rioja, Burgos y Navarra.","breadcrumb":{"@id":"https:\/\/pruebablan.es\/rutometro\/#breadcrumb"},"inLanguage":"es","potentialAction":[{"@type":"ReadAction","target":["https:\/\/pruebablan.es\/rutometro\/"]}]},{"@type":"BreadcrumbList","@id":"https:\/\/pruebablan.es\/rutometro\/#breadcrumb","itemListElement":[{"@type":"ListItem","position":1,"name":"Portada","item":"https:\/\/pruebablan.es\/"},{"@type":"ListItem","position":2,"name":"Rut\u00f3metro"}]},{"@type":"WebSite","@id":"https:\/\/pruebablan.es\/#website","url":"https:\/\/pruebablan.es\/","name":"PRUEBA BLAN","description":"Irailak 13 Septiembre","publisher":{"@id":"https:\/\/pruebablan.es\/#organization"},"potentialAction":[{"@type":"SearchAction","target":{"@type":"EntryPoint","urlTemplate":"https:\/\/pruebablan.es\/?s={search_term_string}"},"query-input":{"@type":"PropertyValueSpecification","valueRequired":true,"valueName":"search_term_string"}}],"inLanguage":"es"},{"@type":"Organization","@id":"https:\/\/pruebablan.es\/#organization","name":"PRUEBA BLAN","url":"https:\/\/pruebablan.es\/","logo":{"@type":"ImageObject","inLanguage":"es","@id":"https:\/\/pruebablan.es\/#\/schema\/logo\/image\/","url":"https:\/\/pruebablan.es\/wp-content\/uploads\/2022\/01\/cropped-prueba_cicloturista_blan_4-1.png","contentUrl":"https:\/\/pruebablan.es\/wp-content\/uploads\/2022\/01\/cropped-prueba_cicloturista_blan_4-1.png","width":2879,"height":960,"caption":"PRUEBA BLAN"},"image":{"@id":"https:\/\/pruebablan.es\/#\/schema\/logo\/image\/"}}]}},"_links":{"self":[{"href":"https:\/\/pruebablan.es\/es\/wp-json\/wp\/v2\/pages\/332","targetHints":{"allow":["GET"]}}],"collection":[{"href":"https:\/\/pruebablan.es\/es\/wp-json\/wp\/v2\/pages"}],"about":[{"href":"https:\/\/pruebablan.es\/es\/wp-json\/wp\/v2\/types\/page"}],"author":[{"embeddable":true,"href":"https:\/\/pruebablan.es\/es\/wp-json\/wp\/v2\/users\/1"}],"replies":[{"embeddable":true,"href":"https:\/\/pruebablan.es\/es\/wp-json\/wp\/v2\/comments?post=332"}],"version-history":[{"count":57,"href":"https:\/\/pruebablan.es\/es\/wp-json\/wp\/v2\/pages\/332\/revisions"}],"predecessor-version":[{"id":3235,"href":"https:\/\/pruebablan.es\/es\/wp-json\/wp\/v2\/pages\/332\/revisions\/3235"}],"wp:attachment":[{"href":"https:\/\/pruebablan.es\/es\/wp-json\/wp\/v2\/media?parent=332"}],"curies":[{"name":"wp","href":"https:\/\/api.w.org\/{rel}","templated":true}]}}