{"id":10,"date":"2022-01-19T18:04:57","date_gmt":"2022-01-19T18:04:57","guid":{"rendered":"http:\/\/new.pruebavitoria.es\/?page_id=10"},"modified":"2026-03-17T09:22:42","modified_gmt":"2026-03-17T09:22:42","slug":"historia","status":"publish","type":"page","link":"https:\/\/pruebablan.es\/eu\/historia\/","title":{"rendered":"Historia"},"content":{"rendered":"<div data-elementor-type=\"wp-page\" data-elementor-id=\"10\" class=\"elementor elementor-10\" data-elementor-settings=\"{&quot;ha_cmc_init_switcher&quot;:&quot;no&quot;}\" data-elementor-post-type=\"page\">\n\t\t\t\t\t\t<section class=\"elementor-section elementor-top-section elementor-element elementor-element-2b28b27 elementor-section-full_width elementor-section-height-min-height elementor-section-height-default elementor-section-items-middle\" data-id=\"2b28b27\" data-element_type=\"section\" data-settings=\"{&quot;background_background&quot;:&quot;video&quot;,&quot;background_video_link&quot;:&quot;https:\\\/\\\/www.youtube.com\\\/watch?v=UhOvW2hrgSc&quot;,&quot;background_video_start&quot;:33,&quot;background_video_end&quot;:56,&quot;background_play_on_mobile&quot;:&quot;yes&quot;}\">\n\t\t\t\t\t\t\t\t<div class=\"elementor-background-video-container\" aria-hidden=\"true\">\n\t\t\t\t\t\t\t\t\t\t\t\t\t<div class=\"elementor-background-video-embed\"><\/div>\n\t\t\t\t\t\t\t\t\t\t\t\t<\/div>\n\t\t\t\t\t\t\t\t\t<div class=\"elementor-background-overlay\"><\/div>\n\t\t\t\t\t\t\t<div class=\"elementor-container elementor-column-gap-default\">\n\t\t\t\t\t<div class=\"elementor-column elementor-col-33 elementor-top-column elementor-element elementor-element-0efee95\" data-id=\"0efee95\" data-element_type=\"column\">\n\t\t\t<div class=\"elementor-widget-wrap\">\n\t\t\t\t\t\t\t<\/div>\n\t\t<\/div>\n\t\t\t\t<div class=\"elementor-column elementor-col-33 elementor-top-column elementor-element elementor-element-e1324c5\" data-id=\"e1324c5\" data-element_type=\"column\">\n\t\t\t<div class=\"elementor-widget-wrap elementor-element-populated\">\n\t\t\t\t\t\t<div class=\"elementor-element elementor-element-4c790f5 elementor-widget elementor-widget-heading\" data-id=\"4c790f5\" data-element_type=\"widget\" data-widget_type=\"heading.default\">\n\t\t\t\t<div class=\"elementor-widget-container\">\n\t\t\t\t\t<h2 class=\"elementor-heading-title elementor-size-default\">HISTORIA<\/h2>\t\t\t\t<\/div>\n\t\t\t\t<\/div>\n\t\t\t\t\t<\/div>\n\t\t<\/div>\n\t\t\t\t<div class=\"elementor-column elementor-col-33 elementor-top-column elementor-element elementor-element-0a81dc8\" data-id=\"0a81dc8\" data-element_type=\"column\">\n\t\t\t<div class=\"elementor-widget-wrap\">\n\t\t\t\t\t\t\t<\/div>\n\t\t<\/div>\n\t\t\t\t\t<\/div>\n\t\t<\/section>\n\t\t\t\t<section class=\"elementor-section elementor-top-section elementor-element elementor-element-41840e10 elementor-reverse-tablet elementor-section-boxed elementor-section-height-default elementor-section-height-default\" data-id=\"41840e10\" data-element_type=\"section\" data-settings=\"{&quot;_ha_eqh_enable&quot;:false}\">\n\t\t\t\t\t\t<div class=\"elementor-container elementor-column-gap-default\">\n\t\t\t\t\t<div class=\"elementor-column elementor-col-50 elementor-top-column elementor-element elementor-element-7506d7ae\" data-id=\"7506d7ae\" data-element_type=\"column\">\n\t\t\t<div class=\"elementor-widget-wrap elementor-element-populated\">\n\t\t\t\t\t\t<div class=\"elementor-element elementor-element-0abcdde elementor-widget elementor-widget-heading\" data-id=\"0abcdde\" data-element_type=\"widget\" data-widget_type=\"heading.default\">\n\t\t\t\t<div class=\"elementor-widget-container\">\n\t\t\t\t\t<h2 class=\"elementor-heading-title elementor-size-default\">HISTORIA<\/h2>\t\t\t\t<\/div>\n\t\t\t\t<\/div>\n\t\t\t\t<div class=\"elementor-element elementor-element-0180894 elementor-widget elementor-widget-heading\" data-id=\"0180894\" data-element_type=\"widget\" data-widget_type=\"heading.default\">\n\t\t\t\t<div class=\"elementor-widget-container\">\n\t\t\t\t\t<h2 class=\"elementor-heading-title elementor-size-default\">BLAN probaz hitz egitea proba zikloturistarik zaharrena egitea da, estatuan oraindik egiten diren probetatik. Lehenengo edizioa 1955eko irailaren 4an izan zen. Jatorrizko ibilbidea:\nVITORIA-ACEDO-LOS ARCOS-LOGRO\u00d1O-CENICERO-HARO (Bazkaria)-MIRANDA-VITORIA\n<hr>\nVITORIA-ACEDO-LOS ARCOS-LOGRO\u00d1O-CENICERO-HARO (Comida)-MIRANDA-VITORIA\n<\/h2>\t\t\t\t<\/div>\n\t\t\t\t<\/div>\n\t\t\t\t<div class=\"elementor-element elementor-element-511f9a8 elementor-widget elementor-widget-heading\" data-id=\"511f9a8\" data-element_type=\"widget\" data-widget_type=\"heading.default\">\n\t\t\t\t<div class=\"elementor-widget-container\">\n\t\t\t\t\t<h2 class=\"elementor-heading-title elementor-size-default\">BLAN probak zeharkatzen dituen probintzietatik hartzen du izena, eta Burgos, Errioxa, Araba eta Nafarroako errepideak dira proba historiko hau hartzen dutenak.\n\n<\/h2>\t\t\t\t<\/div>\n\t\t\t\t<\/div>\n\t\t\t\t<div class=\"elementor-element elementor-element-f7f60e9 elementor-widget-divider--separator-type-pattern elementor-widget-divider--view-line elementor-widget elementor-widget-divider\" data-id=\"f7f60e9\" data-element_type=\"widget\" data-widget_type=\"divider.default\">\n\t\t\t\t<div class=\"elementor-widget-container\">\n\t\t\t\t\t\t\t<div class=\"elementor-divider\" style=\"--divider-pattern-url: url(&quot;data:image\/svg+xml,%3Csvg xmlns=&#039;http:\/\/www.w3.org\/2000\/svg&#039; preserveAspectRatio=&#039;none&#039; overflow=&#039;visible&#039; height=&#039;100%&#039; viewBox=&#039;0 0 20 16&#039; fill=&#039;none&#039; stroke=&#039;black&#039; stroke-width=&#039;2.2&#039; stroke-linecap=&#039;square&#039; stroke-miterlimit=&#039;10&#039;%3E%3Cg transform=&#039;translate(-12.000000, 0)&#039;%3E%3Cpath d=&#039;M28,0L10,18&#039;\/%3E%3Cpath d=&#039;M18,0L0,18&#039;\/%3E%3Cpath d=&#039;M48,0L30,18&#039;\/%3E%3Cpath d=&#039;M38,0L20,18&#039;\/%3E%3C\/g%3E%3C\/svg%3E&quot;);\">\n\t\t\t<span class=\"elementor-divider-separator\">\n\t\t\t\t\t\t<\/span>\n\t\t<\/div>\n\t\t\t\t\t\t<\/div>\n\t\t\t\t<\/div>\n\t\t\t\t\t<\/div>\n\t\t<\/div>\n\t\t\t\t<div class=\"elementor-column elementor-col-50 elementor-top-column elementor-element elementor-element-789fb7d\" data-id=\"789fb7d\" data-element_type=\"column\">\n\t\t\t<div class=\"elementor-widget-wrap elementor-element-populated\">\n\t\t\t\t\t\t<div class=\"elementor-element elementor-element-3bb38a7 elementor-widget elementor-widget-image\" data-id=\"3bb38a7\" data-element_type=\"widget\" data-widget_type=\"image.default\">\n\t\t\t\t<div class=\"elementor-widget-container\">\n\t\t\t\t\t\t\t\t\t\t\t\t\t\t\t<img fetchpriority=\"high\" decoding=\"async\" width=\"540\" height=\"322\" src=\"https:\/\/pruebablan.es\/wp-content\/uploads\/2022\/07\/prueba_cicloturista_blan_vitoria.jpeg\" class=\"elementor-animation-float attachment-large size-large wp-image-1557\" alt=\"\" srcset=\"https:\/\/pruebablan.es\/wp-content\/uploads\/2022\/07\/prueba_cicloturista_blan_vitoria.jpeg 540w, https:\/\/pruebablan.es\/wp-content\/uploads\/2022\/07\/prueba_cicloturista_blan_vitoria-300x179.jpeg 300w\" sizes=\"(max-width: 540px) 100vw, 540px\" \/>\t\t\t\t\t\t\t\t\t\t\t\t\t\t\t<\/div>\n\t\t\t\t<\/div>\n\t\t\t\t\t<\/div>\n\t\t<\/div>\n\t\t\t\t\t<\/div>\n\t\t<\/section>\n\t\t\t\t<section class=\"elementor-section elementor-top-section elementor-element elementor-element-8461f53 elementor-section-boxed elementor-section-height-default elementor-section-height-default\" data-id=\"8461f53\" data-element_type=\"section\" data-settings=\"{&quot;_ha_eqh_enable&quot;:false}\">\n\t\t\t\t\t\t<div class=\"elementor-container elementor-column-gap-default\">\n\t\t\t\t\t<div class=\"elementor-column elementor-col-100 elementor-top-column elementor-element elementor-element-b338bfd\" data-id=\"b338bfd\" data-element_type=\"column\">\n\t\t\t<div class=\"elementor-widget-wrap elementor-element-populated\">\n\t\t\t\t\t\t<div class=\"elementor-element elementor-element-591192d elementor-widget elementor-widget-site-logo\" data-id=\"591192d\" data-element_type=\"widget\" data-settings=\"{&quot;align&quot;:&quot;center&quot;,&quot;width&quot;:{&quot;unit&quot;:&quot;%&quot;,&quot;size&quot;:&quot;&quot;,&quot;sizes&quot;:[]},&quot;width_tablet&quot;:{&quot;unit&quot;:&quot;%&quot;,&quot;size&quot;:&quot;&quot;,&quot;sizes&quot;:[]},&quot;width_mobile&quot;:{&quot;unit&quot;:&quot;%&quot;,&quot;size&quot;:&quot;&quot;,&quot;sizes&quot;:[]},&quot;space&quot;:{&quot;unit&quot;:&quot;%&quot;,&quot;size&quot;:&quot;&quot;,&quot;sizes&quot;:[]},&quot;space_tablet&quot;:{&quot;unit&quot;:&quot;%&quot;,&quot;size&quot;:&quot;&quot;,&quot;sizes&quot;:[]},&quot;space_mobile&quot;:{&quot;unit&quot;:&quot;%&quot;,&quot;size&quot;:&quot;&quot;,&quot;sizes&quot;:[]},&quot;image_border_radius&quot;:{&quot;unit&quot;:&quot;px&quot;,&quot;top&quot;:&quot;&quot;,&quot;right&quot;:&quot;&quot;,&quot;bottom&quot;:&quot;&quot;,&quot;left&quot;:&quot;&quot;,&quot;isLinked&quot;:true},&quot;image_border_radius_tablet&quot;:{&quot;unit&quot;:&quot;px&quot;,&quot;top&quot;:&quot;&quot;,&quot;right&quot;:&quot;&quot;,&quot;bottom&quot;:&quot;&quot;,&quot;left&quot;:&quot;&quot;,&quot;isLinked&quot;:true},&quot;image_border_radius_mobile&quot;:{&quot;unit&quot;:&quot;px&quot;,&quot;top&quot;:&quot;&quot;,&quot;right&quot;:&quot;&quot;,&quot;bottom&quot;:&quot;&quot;,&quot;left&quot;:&quot;&quot;,&quot;isLinked&quot;:true},&quot;caption_padding&quot;:{&quot;unit&quot;:&quot;px&quot;,&quot;top&quot;:&quot;&quot;,&quot;right&quot;:&quot;&quot;,&quot;bottom&quot;:&quot;&quot;,&quot;left&quot;:&quot;&quot;,&quot;isLinked&quot;:true},&quot;caption_padding_tablet&quot;:{&quot;unit&quot;:&quot;px&quot;,&quot;top&quot;:&quot;&quot;,&quot;right&quot;:&quot;&quot;,&quot;bottom&quot;:&quot;&quot;,&quot;left&quot;:&quot;&quot;,&quot;isLinked&quot;:true},&quot;caption_padding_mobile&quot;:{&quot;unit&quot;:&quot;px&quot;,&quot;top&quot;:&quot;&quot;,&quot;right&quot;:&quot;&quot;,&quot;bottom&quot;:&quot;&quot;,&quot;left&quot;:&quot;&quot;,&quot;isLinked&quot;:true},&quot;caption_space&quot;:{&quot;unit&quot;:&quot;px&quot;,&quot;size&quot;:0,&quot;sizes&quot;:[]},&quot;caption_space_tablet&quot;:{&quot;unit&quot;:&quot;px&quot;,&quot;size&quot;:&quot;&quot;,&quot;sizes&quot;:[]},&quot;caption_space_mobile&quot;:{&quot;unit&quot;:&quot;px&quot;,&quot;size&quot;:&quot;&quot;,&quot;sizes&quot;:[]}}\" data-widget_type=\"site-logo.default\">\n\t\t\t\t<div class=\"elementor-widget-container\">\n\t\t\t\t\t\t\t<div class=\"hfe-site-logo\">\n\t\t\t\t\t\t\t\t\t\t\t\t\t<a data-elementor-open-lightbox=\"\"  class='elementor-clickable' href=\"https:\/\/pruebablan.es\/eu\/\">\n\t\t\t\t\t\t\t<div class=\"hfe-site-logo-set\">           \n\t\t\t\t<div class=\"hfe-site-logo-container\">\n\t\t\t\t\t\t\t\t\t<img decoding=\"async\" class=\"hfe-site-logo-img elementor-animation-\"  src=\"https:\/\/pruebablan.es\/wp-content\/uploads\/2022\/01\/Logo_prueba_ciclista_blan-300x111.png\" alt=\"Logo_prueba_ciclista_blan\"\/>\n\t\t\t\t<\/div>\n\t\t\t<\/div>\n\t\t\t\t\t\t\t<\/a>\n\t\t\t\t\t\t<\/div>  \n\t\t\t\t\t\t\t<\/div>\n\t\t\t\t<\/div>\n\t\t\t\t\t<\/div>\n\t\t<\/div>\n\t\t\t\t\t<\/div>\n\t\t<\/section>\n\t\t\t\t<section class=\"elementor-section elementor-top-section elementor-element elementor-element-e2bac0a elementor-section-full_width elementor-section-height-default elementor-section-height-default\" data-id=\"e2bac0a\" data-element_type=\"section\" data-settings=\"{&quot;_ha_eqh_enable&quot;:false}\">\n\t\t\t\t\t\t<div class=\"elementor-container elementor-column-gap-no\">\n\t\t\t\t\t<div class=\"elementor-column elementor-col-100 elementor-top-column elementor-element elementor-element-e5c1f3a\" data-id=\"e5c1f3a\" data-element_type=\"column\">\n\t\t\t<div class=\"elementor-widget-wrap elementor-element-populated\">\n\t\t\t\t\t\t<div class=\"elementor-element elementor-element-ff9aef9 elementor-cta--skin-cover elementor-animated-content elementor-bg-transform elementor-bg-transform-zoom-in elementor-widget elementor-widget-call-to-action\" data-id=\"ff9aef9\" data-element_type=\"widget\" data-widget_type=\"call-to-action.default\">\n\t\t\t\t<div class=\"elementor-widget-container\">\n\t\t\t\t\t\t\t<div class=\"elementor-cta\">\n\t\t\t\t\t<div class=\"elementor-cta__bg-wrapper\">\n\t\t\t\t<div class=\"elementor-cta__bg elementor-bg\" style=\"background-image: url(https:\/\/pruebablan.es\/wp-content\/uploads\/2022\/01\/grupeta_eventos.jpg);\" role=\"img\" aria-label=\"grupeta_eventos\"><\/div>\n\t\t\t\t<div class=\"elementor-cta__bg-overlay\"><\/div>\n\t\t\t<\/div>\n\t\t\t\t\t\t\t<div class=\"elementor-cta__content\">\n\t\t\t\t\n\t\t\t\t\t\t\t\t\t<h2 class=\"elementor-cta__title elementor-cta__content-item elementor-content-item elementor-animated-item--grow\">\n\t\t\t\t\t\tTxirrindularitza proba antzinenean parte izan nahi duzu?\t\t\t\t\t<\/h2>\n\t\t\t\t\n\t\t\t\t\n\t\t\t\t\t\t\t\t\t<div class=\"elementor-cta__button-wrapper elementor-cta__content-item elementor-content-item elementor-animated-item--grow\">\n\t\t\t\t\t<a class=\"elementor-cta__button elementor-button elementor-size-\" href=\"\/eu\/inscripciones\/\">\n\t\t\t\t\t\tIZENA EMAN\t\t\t\t\t<\/a>\n\t\t\t\t\t<\/div>\n\t\t\t\t\t\t\t<\/div>\n\t\t\t\t\t\t<\/div>\n\t\t\t\t\t\t<\/div>\n\t\t\t\t<\/div>\n\t\t\t\t\t<\/div>\n\t\t<\/div>\n\t\t\t\t\t<\/div>\n\t\t<\/section>\n\t\t\t\t<\/div>","protected":false},"excerpt":{"rendered":"<p>HISTORIA HISTORIA Hablar de la prueba BLAN es hacerlo de la prueba cicloturista m\u00e1s antigua, de las que todav\u00eda se celebran en el estado. Su primera edici\u00f3n tuvo lugar el 4 de Septiembre de 1955. Siendo su recorrido original: VITORIA-ACEDO-LOS ARCOS-LOGRO\u00d1O-CENICERO-HARO (Comida)-MIRANDA-VITORIA La prueba BLAN adquiere su nombre por las provincias por las que discurre, [&hellip;]<\/p>\n","protected":false},"author":1,"featured_media":0,"parent":0,"menu_order":0,"comment_status":"closed","ping_status":"closed","template":"","meta":{"site-sidebar-layout":"no-sidebar","site-content-layout":"page-builder","ast-site-content-layout":"full-width-container","site-content-style":"unboxed","site-sidebar-style":"unboxed","ast-global-header-display":"","ast-banner-title-visibility":"","ast-main-header-display":"","ast-hfb-above-header-display":"","ast-hfb-below-header-display":"","ast-hfb-mobile-header-display":"","site-post-title":"disabled","ast-breadcrumbs-content":"","ast-featured-img":"disabled","footer-sml-layout":"","theme-transparent-header-meta":"","adv-header-id-meta":"","stick-header-meta":"","header-above-stick-meta":"","header-main-stick-meta":"","header-below-stick-meta":"","astra-migrate-meta-layouts":"set","ast-page-background-enabled":"default","ast-page-background-meta":{"desktop":{"background-color":"var(--ast-global-color-4)","background-image":"","background-repeat":"repeat","background-position":"center center","background-size":"auto","background-attachment":"scroll","background-type":"","background-media":"","overlay-type":"","overlay-color":"","overlay-opacity":"","overlay-gradient":""},"tablet":{"background-color":"","background-image":"","background-repeat":"repeat","background-position":"center center","background-size":"auto","background-attachment":"scroll","background-type":"","background-media":"","overlay-type":"","overlay-color":"","overlay-opacity":"","overlay-gradient":""},"mobile":{"background-color":"","background-image":"","background-repeat":"repeat","background-position":"center center","background-size":"auto","background-attachment":"scroll","background-type":"","background-media":"","overlay-type":"","overlay-color":"","overlay-opacity":"","overlay-gradient":""}},"ast-content-background-meta":{"desktop":{"background-color":"var(--ast-global-color-5)","background-image":"","background-repeat":"repeat","background-position":"center center","background-size":"auto","background-attachment":"scroll","background-type":"","background-media":"","overlay-type":"","overlay-color":"","overlay-opacity":"","overlay-gradient":""},"tablet":{"background-color":"var(--ast-global-color-5)","background-image":"","background-repeat":"repeat","background-position":"center center","background-size":"auto","background-attachment":"scroll","background-type":"","background-media":"","overlay-type":"","overlay-color":"","overlay-opacity":"","overlay-gradient":""},"mobile":{"background-color":"var(--ast-global-color-5)","background-image":"","background-repeat":"repeat","background-position":"center center","background-size":"auto","background-attachment":"scroll","background-type":"","background-media":"","overlay-type":"","overlay-color":"","overlay-opacity":"","overlay-gradient":""}},"footnotes":""},"class_list":["post-10","page","type-page","status-publish","hentry"],"yoast_head":"<!-- This site is optimized with the Yoast SEO plugin v25.8 - https:\/\/yoast.com\/wordpress\/plugins\/seo\/ -->\n<title>Historia - PRUEBA BLAN<\/title>\n<meta name=\"description\" content=\"PRUEBA CICLISTA BLAN, evento deportivo cicloturista m\u00e1s antiguo del estado. 154 Km por \u00c1lava, La Rioja, Burgos y Navarra.\" \/>\n<meta name=\"robots\" content=\"index, follow, max-snippet:-1, max-image-preview:large, max-video-preview:-1\" \/>\n<link rel=\"canonical\" href=\"https:\/\/pruebablan.es\/eu\/historia\/\" \/>\n<meta property=\"og:locale\" content=\"en_US\" \/>\n<meta property=\"og:type\" content=\"article\" \/>\n<meta property=\"og:title\" content=\"Historia - PRUEBA BLAN\" \/>\n<meta property=\"og:description\" content=\"PRUEBA CICLISTA BLAN, evento deportivo cicloturista m\u00e1s antiguo del estado. 154 Km por \u00c1lava, La Rioja, Burgos y Navarra.\" \/>\n<meta property=\"og:url\" content=\"https:\/\/pruebablan.es\/eu\/historia\/\" \/>\n<meta property=\"og:site_name\" content=\"PRUEBA BLAN\" \/>\n<meta property=\"article:modified_time\" content=\"2026-03-17T09:22:42+00:00\" \/>\n<meta property=\"og:image\" content=\"https:\/\/pruebablan.es\/wp-content\/uploads\/2022\/07\/prueba_cicloturista_blan_vitoria.jpeg\" \/>\n\t<meta property=\"og:image:width\" content=\"540\" \/>\n\t<meta property=\"og:image:height\" content=\"322\" \/>\n\t<meta property=\"og:image:type\" content=\"image\/jpeg\" \/>\n<meta name=\"twitter:card\" content=\"summary_large_image\" \/>\n<meta name=\"twitter:label1\" content=\"Est. reading time\" \/>\n\t<meta name=\"twitter:data1\" content=\"1 minutua\" \/>\n<script type=\"application\/ld+json\" class=\"yoast-schema-graph\">{\"@context\":\"https:\/\/schema.org\",\"@graph\":[{\"@type\":\"WebPage\",\"@id\":\"https:\/\/pruebablan.es\/historia\/\",\"url\":\"https:\/\/pruebablan.es\/historia\/\",\"name\":\"Historia - PRUEBA BLAN\",\"isPartOf\":{\"@id\":\"https:\/\/pruebablan.es\/#website\"},\"primaryImageOfPage\":{\"@id\":\"https:\/\/pruebablan.es\/historia\/#primaryimage\"},\"image\":{\"@id\":\"https:\/\/pruebablan.es\/historia\/#primaryimage\"},\"thumbnailUrl\":\"https:\/\/pruebablan.es\/wp-content\/uploads\/2022\/07\/prueba_cicloturista_blan_vitoria.jpeg\",\"datePublished\":\"2022-01-19T18:04:57+00:00\",\"dateModified\":\"2026-03-17T09:22:42+00:00\",\"description\":\"PRUEBA CICLISTA BLAN, evento deportivo cicloturista m\u00e1s antiguo del estado. 154 Km por \u00c1lava, La Rioja, Burgos y Navarra.\",\"breadcrumb\":{\"@id\":\"https:\/\/pruebablan.es\/historia\/#breadcrumb\"},\"inLanguage\":\"eu\",\"potentialAction\":[{\"@type\":\"ReadAction\",\"target\":[\"https:\/\/pruebablan.es\/historia\/\"]}]},{\"@type\":\"ImageObject\",\"inLanguage\":\"eu\",\"@id\":\"https:\/\/pruebablan.es\/historia\/#primaryimage\",\"url\":\"https:\/\/pruebablan.es\/wp-content\/uploads\/2022\/07\/prueba_cicloturista_blan_vitoria.jpeg\",\"contentUrl\":\"https:\/\/pruebablan.es\/wp-content\/uploads\/2022\/07\/prueba_cicloturista_blan_vitoria.jpeg\"},{\"@type\":\"BreadcrumbList\",\"@id\":\"https:\/\/pruebablan.es\/historia\/#breadcrumb\",\"itemListElement\":[{\"@type\":\"ListItem\",\"position\":1,\"name\":\"Portada\",\"item\":\"https:\/\/pruebablan.es\/\"},{\"@type\":\"ListItem\",\"position\":2,\"name\":\"Historia\"}]},{\"@type\":\"WebSite\",\"@id\":\"https:\/\/pruebablan.es\/#website\",\"url\":\"https:\/\/pruebablan.es\/\",\"name\":\"PRUEBA BLAN\",\"description\":\"Irailak 13 Septiembre\",\"publisher\":{\"@id\":\"https:\/\/pruebablan.es\/#organization\"},\"potentialAction\":[{\"@type\":\"SearchAction\",\"target\":{\"@type\":\"EntryPoint\",\"urlTemplate\":\"https:\/\/pruebablan.es\/?s={search_term_string}\"},\"query-input\":{\"@type\":\"PropertyValueSpecification\",\"valueRequired\":true,\"valueName\":\"search_term_string\"}}],\"inLanguage\":\"eu\"},{\"@type\":\"Organization\",\"@id\":\"https:\/\/pruebablan.es\/#organization\",\"name\":\"PRUEBA BLAN\",\"url\":\"https:\/\/pruebablan.es\/\",\"logo\":{\"@type\":\"ImageObject\",\"inLanguage\":\"eu\",\"@id\":\"https:\/\/pruebablan.es\/#\/schema\/logo\/image\/\",\"url\":\"https:\/\/pruebablan.es\/wp-content\/uploads\/2022\/01\/cropped-prueba_cicloturista_blan_4-1.png\",\"contentUrl\":\"https:\/\/pruebablan.es\/wp-content\/uploads\/2022\/01\/cropped-prueba_cicloturista_blan_4-1.png\",\"width\":2879,\"height\":960,\"caption\":\"PRUEBA BLAN\"},\"image\":{\"@id\":\"https:\/\/pruebablan.es\/#\/schema\/logo\/image\/\"}}]}<\/script>\n<!-- \/ Yoast SEO plugin. -->","yoast_head_json":{"title":"Historia - PRUEBA BLAN","description":"PRUEBA CICLISTA BLAN, evento deportivo cicloturista m\u00e1s antiguo del estado. 154 Km por \u00c1lava, La Rioja, Burgos y Navarra.","robots":{"index":"index","follow":"follow","max-snippet":"max-snippet:-1","max-image-preview":"max-image-preview:large","max-video-preview":"max-video-preview:-1"},"canonical":"https:\/\/pruebablan.es\/eu\/historia\/","og_locale":"en_US","og_type":"article","og_title":"Historia - PRUEBA BLAN","og_description":"PRUEBA CICLISTA BLAN, evento deportivo cicloturista m\u00e1s antiguo del estado. 154 Km por \u00c1lava, La Rioja, Burgos y Navarra.","og_url":"https:\/\/pruebablan.es\/eu\/historia\/","og_site_name":"PRUEBA BLAN","article_modified_time":"2026-03-17T09:22:42+00:00","og_image":[{"width":540,"height":322,"url":"https:\/\/pruebablan.es\/wp-content\/uploads\/2022\/07\/prueba_cicloturista_blan_vitoria.jpeg","type":"image\/jpeg"}],"twitter_card":"summary_large_image","twitter_misc":{"Est. reading time":"1 minutua"},"schema":{"@context":"https:\/\/schema.org","@graph":[{"@type":"WebPage","@id":"https:\/\/pruebablan.es\/historia\/","url":"https:\/\/pruebablan.es\/historia\/","name":"Historia - PRUEBA BLAN","isPartOf":{"@id":"https:\/\/pruebablan.es\/#website"},"primaryImageOfPage":{"@id":"https:\/\/pruebablan.es\/historia\/#primaryimage"},"image":{"@id":"https:\/\/pruebablan.es\/historia\/#primaryimage"},"thumbnailUrl":"https:\/\/pruebablan.es\/wp-content\/uploads\/2022\/07\/prueba_cicloturista_blan_vitoria.jpeg","datePublished":"2022-01-19T18:04:57+00:00","dateModified":"2026-03-17T09:22:42+00:00","description":"PRUEBA CICLISTA BLAN, evento deportivo cicloturista m\u00e1s antiguo del estado. 154 Km por \u00c1lava, La Rioja, Burgos y Navarra.","breadcrumb":{"@id":"https:\/\/pruebablan.es\/historia\/#breadcrumb"},"inLanguage":"eu","potentialAction":[{"@type":"ReadAction","target":["https:\/\/pruebablan.es\/historia\/"]}]},{"@type":"ImageObject","inLanguage":"eu","@id":"https:\/\/pruebablan.es\/historia\/#primaryimage","url":"https:\/\/pruebablan.es\/wp-content\/uploads\/2022\/07\/prueba_cicloturista_blan_vitoria.jpeg","contentUrl":"https:\/\/pruebablan.es\/wp-content\/uploads\/2022\/07\/prueba_cicloturista_blan_vitoria.jpeg"},{"@type":"BreadcrumbList","@id":"https:\/\/pruebablan.es\/historia\/#breadcrumb","itemListElement":[{"@type":"ListItem","position":1,"name":"Portada","item":"https:\/\/pruebablan.es\/"},{"@type":"ListItem","position":2,"name":"Historia"}]},{"@type":"WebSite","@id":"https:\/\/pruebablan.es\/#website","url":"https:\/\/pruebablan.es\/","name":"PRUEBA BLAN","description":"Irailak 13 Septiembre","publisher":{"@id":"https:\/\/pruebablan.es\/#organization"},"potentialAction":[{"@type":"SearchAction","target":{"@type":"EntryPoint","urlTemplate":"https:\/\/pruebablan.es\/?s={search_term_string}"},"query-input":{"@type":"PropertyValueSpecification","valueRequired":true,"valueName":"search_term_string"}}],"inLanguage":"eu"},{"@type":"Organization","@id":"https:\/\/pruebablan.es\/#organization","name":"PRUEBA BLAN","url":"https:\/\/pruebablan.es\/","logo":{"@type":"ImageObject","inLanguage":"eu","@id":"https:\/\/pruebablan.es\/#\/schema\/logo\/image\/","url":"https:\/\/pruebablan.es\/wp-content\/uploads\/2022\/01\/cropped-prueba_cicloturista_blan_4-1.png","contentUrl":"https:\/\/pruebablan.es\/wp-content\/uploads\/2022\/01\/cropped-prueba_cicloturista_blan_4-1.png","width":2879,"height":960,"caption":"PRUEBA BLAN"},"image":{"@id":"https:\/\/pruebablan.es\/#\/schema\/logo\/image\/"}}]}},"_links":{"self":[{"href":"https:\/\/pruebablan.es\/eu\/wp-json\/wp\/v2\/pages\/10","targetHints":{"allow":["GET"]}}],"collection":[{"href":"https:\/\/pruebablan.es\/eu\/wp-json\/wp\/v2\/pages"}],"about":[{"href":"https:\/\/pruebablan.es\/eu\/wp-json\/wp\/v2\/types\/page"}],"author":[{"embeddable":true,"href":"https:\/\/pruebablan.es\/eu\/wp-json\/wp\/v2\/users\/1"}],"replies":[{"embeddable":true,"href":"https:\/\/pruebablan.es\/eu\/wp-json\/wp\/v2\/comments?post=10"}],"version-history":[{"count":136,"href":"https:\/\/pruebablan.es\/eu\/wp-json\/wp\/v2\/pages\/10\/revisions"}],"predecessor-version":[{"id":3265,"href":"https:\/\/pruebablan.es\/eu\/wp-json\/wp\/v2\/pages\/10\/revisions\/3265"}],"wp:attachment":[{"href":"https:\/\/pruebablan.es\/eu\/wp-json\/wp\/v2\/media?parent=10"}],"curies":[{"name":"wp","href":"https:\/\/api.w.org\/{rel}","templated":true}]}}